{"id":1867,"date":"2026-01-01T00:00:52","date_gmt":"2025-12-31T23:00:52","guid":{"rendered":"https:\/\/medianautik.com\/home\/"},"modified":"2026-05-03T14:36:19","modified_gmt":"2026-05-03T12:36:19","slug":"home","status":"publish","type":"page","link":"https:\/\/medianautik.com\/en\/","title":{"rendered":"Home"},"content":{"rendered":"\n<div class=\"et_pb_section_0 et_pb_section et_section_regular et_block_section\"><div class=\"et_pb_row_0 et_pb_row et_pb_row_4col et_pb_gutters1 et_block_row et_block_row_4col mobil-columns\"><div class=\"et_pb_column_0 et_pb_column et_pb_column_1_4 et_block_column et_pb_css_mix_blend_mode_passthrough\"><div class=\"et_pb_image_0 et_pb_image et_animated et_pb_module et_block_module\"><span class=\"et_pb_image_wrap\"><img decoding=\"async\" src=\"https:\/\/medianautik.com\/wp-content\/uploads\/2022\/03\/print-lay.svg\" class=\"wp-image-308\" title=\"Printdesign\" alt=\"Printdesign\" \/><\/span><\/div><div class=\"et_pb_image_1 et_pb_image et_animated et_pb_module et_block_module\"><span class=\"et_pb_image_wrap\"><img loading=\"lazy\" decoding=\"async\" src=\"https:\/\/medianautik.com\/wp-content\/uploads\/2022\/03\/quaime-lay.jpg\" width=\"577\" height=\"435\" srcset=\"https:\/\/medianautik.com\/wp-content\/uploads\/2022\/03\/quaime-lay.jpg 577w, https:\/\/medianautik.com\/wp-content\/uploads\/2022\/03\/quaime-lay-480x362.jpg 480w\" sizes=\"(min-width: 0px) and (max-width: 480px) 480px, (min-width: 481px) 577px, 100vw\" class=\"wp-image-311\" title=\"QUAIME Brochure\" alt=\"QUAIME Brochure\" \/><\/span><\/div><div class=\"et_pb_image_2 et_pb_image et_animated et_pb_module et_block_module\"><span class=\"et_pb_image_wrap\"><img decoding=\"async\" src=\"https:\/\/medianautik.com\/wp-content\/uploads\/2022\/03\/red-lay.svg\" class=\"wp-image-320\" title=\"roter Layer\" alt=\"roter Layer\" \/><\/span><\/div><div class=\"et_pb_image_3 et_pb_image et_animated et_pb_module et_block_module\"><span class=\"et_pb_image_wrap\"><img loading=\"lazy\" decoding=\"async\" src=\"https:\/\/medianautik.com\/wp-content\/uploads\/2022\/03\/lena-lay.jpg\" width=\"577\" height=\"435\" srcset=\"https:\/\/medianautik.com\/wp-content\/uploads\/2022\/03\/lena-lay.jpg 577w, https:\/\/medianautik.com\/wp-content\/uploads\/2022\/03\/lena-lay-480x362.jpg 480w\" sizes=\"(min-width: 0px) and (max-width: 480px) 480px, (min-width: 481px) 577px, 100vw\" class=\"wp-image-315\" title=\"Lena\" alt=\"Foto Lena\" \/><\/span><\/div><div class=\"et_pb_image_4 et_pb_image et_animated et_pb_module et_block_module\"><span class=\"et_pb_image_wrap\"><img decoding=\"async\" src=\"https:\/\/medianautik.com\/wp-content\/uploads\/2022\/03\/friseurAtelierMaria-lay.svg\" class=\"wp-image-312\" title=\"friseur Atelier Maria\" alt=\"Logo friseur Atelier Maria\" \/><\/span><\/div><\/div><div class=\"et_pb_column_1 et_pb_column et_pb_column_1_4 et_block_column et_pb_css_mix_blend_mode_passthrough\"><div class=\"et_pb_image_5 et_pb_image et_animated et_pb_module et_block_module\"><span class=\"et_pb_image_wrap\"><img loading=\"lazy\" decoding=\"async\" src=\"https:\/\/medianautik.com\/wp-content\/uploads\/2022\/03\/topten-lay.jpg\" width=\"577\" height=\"435\" srcset=\"https:\/\/medianautik.com\/wp-content\/uploads\/2022\/03\/topten-lay.jpg 577w, https:\/\/medianautik.com\/wp-content\/uploads\/2022\/03\/topten-lay-480x362.jpg 480w\" sizes=\"(min-width: 0px) and (max-width: 480px) 480px, (min-width: 481px) 577px, 100vw\" class=\"wp-image-309\" title=\"Top Ten Club Brosch\u00fcre\" alt=\"Top Ten Club Brosch\u00fcre\" \/><\/span><\/div><div class=\"et_pb_image_6 et_pb_image et_animated et_pb_module et_block_module\"><a href=\"https:\/\/vonderfactory.de\/\" target=\"_blank\"><span class=\"et_pb_image_wrap\"><img decoding=\"async\" src=\"https:\/\/medianautik.com\/wp-content\/uploads\/2022\/03\/vonderfactory-lay.svg\" class=\"wp-image-314\" title=\"von der Factory\" alt=\"Logo von der Factory\" \/><\/span><\/a><\/div><div class=\"et_pb_image_7 et_pb_image et_animated et_pb_module et_block_module\"><span class=\"et_pb_image_wrap\"><img loading=\"lazy\" decoding=\"async\" src=\"https:\/\/medianautik.com\/wp-content\/uploads\/2022\/03\/lena-lay.jpg\" width=\"577\" height=\"435\" srcset=\"https:\/\/medianautik.com\/wp-content\/uploads\/2022\/03\/lena-lay.jpg 577w, https:\/\/medianautik.com\/wp-content\/uploads\/2022\/03\/lena-lay-480x362.jpg 480w\" sizes=\"(min-width: 0px) and (max-width: 480px) 480px, (min-width: 481px) 577px, 100vw\" class=\"wp-image-315\" title=\"Lena\" alt=\"Foto Lena\" \/><\/span><\/div><div class=\"et_pb_image_8 et_pb_image et_animated et_pb_module et_block_module\"><span class=\"et_pb_image_wrap\"><img loading=\"lazy\" decoding=\"async\" src=\"https:\/\/medianautik.com\/wp-content\/uploads\/2022\/03\/brainlinc-lay.jpg\" width=\"577\" height=\"435\" srcset=\"https:\/\/medianautik.com\/wp-content\/uploads\/2022\/03\/brainlinc-lay.jpg 577w, https:\/\/medianautik.com\/wp-content\/uploads\/2022\/03\/brainlinc-lay-480x362.jpg 480w\" sizes=\"(min-width: 0px) and (max-width: 480px) 480px, (min-width: 481px) 577px, 100vw\" class=\"wp-image-316\" title=\"brainlinc | Learning in cases\" alt=\"Booklet brainlinc | Learning in cases\" \/><\/span><\/div><div class=\"et_pb_image_9 et_pb_image et_animated et_pb_module et_block_module\"><span class=\"et_pb_image_wrap\"><img decoding=\"async\" src=\"https:\/\/medianautik.com\/wp-content\/uploads\/2022\/03\/Nucatr-lay.svg\" class=\"wp-image-334\" title=\"Nuca Trade\" alt=\"Logo Nuca Trade\" \/><\/span><\/div><div class=\"et_pb_image_10 et_pb_image et_animated et_pb_module et_block_module\"><a href=\"https:\/\/medianautik.com\/photographie\/\"><span class=\"et_pb_image_wrap\"><img decoding=\"async\" src=\"https:\/\/medianautik.com\/wp-content\/uploads\/2022\/03\/photo-lay.svg\" class=\"wp-image-318\" title=\"Photography\" alt=\"roter Layer Photographie\" \/><\/span><\/a><\/div><\/div><div class=\"et_pb_column_2 et_pb_column et_pb_column_1_4 et_block_column et_pb_css_mix_blend_mode_passthrough\"><div class=\"et_pb_image_11 et_pb_image et_animated et_pb_module et_block_module\"><span class=\"et_pb_image_wrap\"><img decoding=\"async\" src=\"https:\/\/medianautik.com\/wp-content\/uploads\/2022\/03\/cd-lay.svg\" class=\"wp-image-310\" title=\"Corporate Design\" alt=\"roter Layer Corporate Design\" \/><\/span><\/div><div class=\"et_pb_image_12 et_pb_image et_animated et_pb_module et_block_module\"><span class=\"et_pb_image_wrap\"><img loading=\"lazy\" decoding=\"async\" src=\"https:\/\/medianautik.com\/wp-content\/uploads\/2022\/03\/sca-lay.jpg\" width=\"577\" height=\"435\" srcset=\"https:\/\/medianautik.com\/wp-content\/uploads\/2022\/03\/sca-lay.jpg 577w, https:\/\/medianautik.com\/wp-content\/uploads\/2022\/03\/sca-lay-480x362.jpg 480w\" sizes=\"(min-width: 0px) and (max-width: 480px) 480px, (min-width: 481px) 577px, 100vw\" class=\"wp-image-313\" title=\"SCA\" alt=\"Website SCA\" \/><\/span><\/div><div class=\"et_pb_image_13 et_pb_image et_animated et_pb_module et_block_module\"><a href=\"https:\/\/vonderfactory.de\/\" target=\"_blank\"><span class=\"et_pb_image_wrap\"><img decoding=\"async\" src=\"https:\/\/medianautik.com\/wp-content\/uploads\/2022\/03\/vonderfactory-lay.svg\" class=\"wp-image-314\" title=\"von der Factory\" alt=\"Logo von der Factory\" \/><\/span><\/a><\/div><div class=\"et_pb_image_14 et_pb_image et_animated et_pb_module et_block_module\"><span class=\"et_pb_image_wrap\"><img decoding=\"async\" src=\"https:\/\/medianautik.com\/wp-content\/uploads\/2022\/03\/polybond-lay.svg\" class=\"wp-image-323\" title=\"Polybond\" alt=\"Logo Polybond\" \/><\/span><\/div><div class=\"et_pb_image_15 et_pb_image et_animated et_pb_module et_block_module\"><span class=\"et_pb_image_wrap\"><img decoding=\"async\" src=\"https:\/\/medianautik.com\/wp-content\/uploads\/2022\/03\/web-lay.svg\" class=\"wp-image-317\" title=\"Webdesign\" alt=\"roter Layer Webdesign\" \/><\/span><\/div><div class=\"et_pb_image_16 et_pb_image et_animated et_pb_module et_block_module\"><span class=\"et_pb_image_wrap\"><img loading=\"lazy\" decoding=\"async\" src=\"https:\/\/medianautik.com\/wp-content\/uploads\/2022\/03\/brainlinc-lay.jpg\" width=\"577\" height=\"435\" srcset=\"https:\/\/medianautik.com\/wp-content\/uploads\/2022\/03\/brainlinc-lay.jpg 577w, https:\/\/medianautik.com\/wp-content\/uploads\/2022\/03\/brainlinc-lay-480x362.jpg 480w\" sizes=\"(min-width: 0px) and (max-width: 480px) 480px, (min-width: 481px) 577px, 100vw\" class=\"wp-image-316\" title=\"brainlinc | Learning in cases\" alt=\"Booklet brainlinc | Learning in cases\" \/><\/span><\/div><\/div><div class=\"et_pb_column_3 et_pb_column et_pb_column_1_4 et-last-child et_block_column et_pb_css_mix_blend_mode_passthrough\"><div class=\"et_pb_image_17 et_pb_image et_animated et_pb_module et_block_module\"><span class=\"et_pb_image_wrap\"><img decoding=\"async\" src=\"https:\/\/medianautik.com\/wp-content\/uploads\/2022\/03\/cd-lay.svg\" class=\"wp-image-310\" title=\"Corporate Design\" alt=\"roter Layer Corporate Design\" \/><\/span><\/div><div class=\"et_pb_image_18 et_pb_image et_animated et_pb_module et_block_module\"><span class=\"et_pb_image_wrap\"><img loading=\"lazy\" decoding=\"async\" src=\"https:\/\/medianautik.com\/wp-content\/uploads\/2022\/03\/sca-lay.jpg\" width=\"577\" height=\"435\" srcset=\"https:\/\/medianautik.com\/wp-content\/uploads\/2022\/03\/sca-lay.jpg 577w, https:\/\/medianautik.com\/wp-content\/uploads\/2022\/03\/sca-lay-480x362.jpg 480w\" sizes=\"(min-width: 0px) and (max-width: 480px) 480px, (min-width: 481px) 577px, 100vw\" class=\"wp-image-313\" title=\"SCA\" alt=\"Website SCA\" \/><\/span><\/div><\/div><\/div><div class=\"et_pb_row_1 et_pb_row et_block_row\"><div class=\"et_pb_column_4 et_pb_column et_pb_column_1_2 et_block_column et_pb_css_mix_blend_mode_passthrough\"><div class=\"et_pb_text_0 et_pb_text et_pb_bg_layout_light et_pb_module et_block_module\"><div class=\"et_pb_text_inner\"><p>\u00a9 2026 medianautik<\/p>\n<\/div><\/div><\/div><div class=\"et_pb_column_5 et_pb_column et_pb_column_1_2 et-last-child et_block_column et_pb_column_empty et_pb_css_mix_blend_mode_passthrough\"><\/div><\/div><div class=\"et_pb_row_2 et_pb_row et_block_row\"><div class=\"et_pb_column_6 et_pb_column et_pb_column_4_4 et-last-child et_block_column et_pb_css_mix_blend_mode_passthrough\"><div class=\"et_pb_text_1 et_pb_text et_pb_bg_layout_light et_pb_module et_block_module\"><div class=\"et_pb_text_inner\"><h1>Grafikdesign and Photographic<\/h1>\n<\/div><\/div><div class=\"et_pb_text_2 et_pb_text et_pb_bg_layout_light et_pb_module et_block_module\"><div class=\"et_pb_text_inner\"><p class=\"font-claude-response-body break-words whitespace-normal leading-[1.7]\"><span style=\"color: #ffffff;\">I am Michael von der Forst. Photographer and graphic designer based in Muenster, Germany, for over 25 years. Through medianautik, I offer business photography, portrait photography and unique experience shoots in Muenster and the surrounding region. I also support businesses with graphic design and digital communication. Personal, professional and with character.    <\/span><\/p>\n<p class=\"font-claude-response-body break-words whitespace-normal leading-[1.7]\"><span style=\"color: #ffffff;\">As a photographer in Muenster, one thing is particularly important to me: taking genuine images. No staged photos, no standard solutions. Every shoot begins with a personal conversation, at eye level and with a genuine interest in the people in front of my camera. My shoots take place on location, where life really happens.   <\/span><\/p>\n<p class=\"font-claude-response-body break-words whitespace-normal leading-[1.7]\"><span style=\"color: #ffffff;\">My work as a photographer in Muenster covers three areas. Business photography for companies, freelancers and executives who want to present themselves professionally. Portrait photography for people who want to see themselves in a special light. And experience shoots for everyone who wants something truly unique.   <\/span><\/p>\n<p class=\"font-claude-response-body break-words whitespace-normal leading-[1.7]\"><span style=\"color: #ffffff;\">With my experience shoots, I go one step further. You invent your character, I capture the moment. Whether Wild West, Fantasy, Medieval, the 1950s or your very own idea: unique images that truly tell your story. You put together your outfit, live the role and I make sure the moment becomes an image. Alone or with friends. Your theme, your character, your story.     <\/span><\/p>\n<p class=\"font-claude-response-body break-words whitespace-normal leading-[1.7]\"><span style=\"color: #ffffff;\">Alongside photography, I work as a graphic designer in Muenster. I support businesses with visual design, logo development, web design and digital communication. The medianautik studio stands for creative solutions that work and inspire. For over 25 years I have worked with a strong network of freelance creatives.   <\/span><\/p>\n<p class=\"font-claude-response-body break-words whitespace-normal leading-[1.7]\"><span style=\"color: #ffffff;\">My studio is based in Muenster. I photograph and design for clients from Muenster, the Muensterland region and the wider Westphalia area. Quality, reliability and a personal approach are a matter of course for me.   <\/span><\/p>\n<p class=\"font-claude-response-body break-words whitespace-normal leading-[1.7]\"><span style=\"color: #ffffff;\">As photographer Muenster and graphic designer Muenster, medianautik is your contact for professional images and creative design. I look forward to hearing from you. Just get in touch.  <\/span><\/p>\n<p class=\"font-claude-response-body break-words whitespace-normal leading-[1.7]\"><span style=\"color: #ffffff;\">edianautik biete ich Businessfotografie, Portraitfotografie und einzigartige Erlebnis-Shootings in M\u00fcnster und der Region. Dar\u00fcber hinaus unterst\u00fctze ich Unternehmen mit Grafikdesign und digitaler Kommunikation. Pers\u00f6nlich, professionell und mit Charakter.  <\/span><\/p>\n<p class=\"font-claude-response-body break-words whitespace-normal leading-[1.7]\"><span style=\"color: #ffffff;\">As a photographer in Muenster, one thing is particularly important to me: taking genuine images. No staged photos, no standard solutions. Every shoot begins with a personal conversation, at eye level and with a genuine interest in the people in front of my camera. My shoots take place on location, where life really happens.   <\/span><\/p>\n<p class=\"font-claude-response-body break-words whitespace-normal leading-[1.7]\"><span style=\"color: #ffffff;\">My work as a photographer in Muenster covers three areas. Business photography for companies, freelancers and executives who want to present themselves professionally. Portrait photography for people who want to see themselves in a special light. And experience shoots for everyone who wants something truly unique.   <\/span><\/p>\n<p class=\"font-claude-response-body break-words whitespace-normal leading-[1.7]\"><span style=\"color: #ffffff;\">Mit meinen Erlebnis-Shootings gehe ich einen Schritt weiter. Du erfindest deinen Charakter, ich halte ihn fest. Ob Wildwest, Fantasy, Mittelalter, 50er Jahre oder deine ganz eigene Idee: Einzigartige Bilder, die wirklich von dir erz\u00e4hlen. Du stellst dein Outfit zusammen, lebst die Rolle und ich sorge daf\u00fcr dass der Moment zum Bild wird. Alleine oder mit Freunden. Dein Thema, dein Charakter, deine Geschichte.     <\/span><\/p>\n<p class=\"font-claude-response-body break-words whitespace-normal leading-[1.7]\"><span style=\"color: #ffffff;\">Neben der Fotografie bin ich als Grafikdesigner aus M\u00fcnster t\u00e4tig. Ich unterst\u00fctze Unternehmen mit visuellem Design, Logoentwicklung, Webdesign und digitaler Kommunikation. Das Studio medianautik steht f\u00fcr kreative L\u00f6sungen die funktionieren und begeistern. Seit \u00fcber 25 Jahren arbeite ich mit einem starken Netzwerk aus freien Kreativen zusammen.   <\/span><\/p>\n<p class=\"font-claude-response-body break-words whitespace-normal leading-[1.7]\"><span style=\"color: #ffffff;\">Als Fotograf M\u00fcnster und Grafikdesigner M\u00fcnster ist medianautik dein Ansprechpartner f\u00fcr professionelle Bilder und kreatives Design in M\u00fcnster und der gesamten Region Westfalen. Ich freue mich auf das Gespr\u00e4ch mit dir. Schreib mir einfach.  <\/span><\/p>\n<\/div><\/div><\/div><\/div><\/div>\n","protected":false},"excerpt":{"rendered":"","protected":false},"author":1,"featured_media":0,"parent":0,"menu_order":0,"comment_status":"closed","ping_status":"closed","template":"","meta":{"_acf_changed":false,"ngg_post_thumbnail":0,"footnotes":""},"class_list":["post-1867","page","type-page","status-publish","hentry"],"acf":[],"yoast_head":"<!-- This site is optimized with the Yoast SEO plugin v27.5 - https:\/\/yoast.com\/product\/yoast-seo-wordpress\/ -->\n<title>Photographer and graphic designer Muenster<\/title>\n<meta name=\"description\" content=\"Photographer and graphic designer in Muenster. Business photography, portraits and experience shoots. Personal, on location, with character.\" \/>\n<meta name=\"robots\" content=\"index, follow, max-snippet:-1, max-image-preview:large, max-video-preview:-1\" \/>\n<link rel=\"canonical\" href=\"https:\/\/medianautik.com\/en\/\" \/>\n<meta property=\"og:locale\" content=\"en_US\" \/>\n<meta property=\"og:type\" content=\"article\" \/>\n<meta property=\"og:title\" content=\"Photographer and graphic designer Muenster\" \/>\n<meta property=\"og:description\" content=\"Photographer and graphic designer in Muenster. Business photography, portraits and experience shoots. Personal, on location, with character.\" \/>\n<meta property=\"og:url\" content=\"https:\/\/medianautik.com\/en\/\" \/>\n<meta property=\"og:site_name\" content=\"medianautik | visuelle kommunikation\" \/>\n<meta property=\"article:modified_time\" content=\"2026-05-03T12:36:19+00:00\" \/>\n<meta name=\"twitter:card\" content=\"summary_large_image\" \/>\n<script type=\"application\/ld+json\" class=\"yoast-schema-graph\">{\"@context\":\"https:\\\/\\\/schema.org\",\"@graph\":[{\"@type\":\"WebPage\",\"@id\":\"https:\\\/\\\/medianautik.com\\\/en\\\/\",\"url\":\"https:\\\/\\\/medianautik.com\\\/en\\\/\",\"name\":\"Photographer and graphic designer Muenster\",\"isPartOf\":{\"@id\":\"https:\\\/\\\/medianautik.com\\\/en\\\/#website\"},\"datePublished\":\"2025-12-31T23:00:52+00:00\",\"dateModified\":\"2026-05-03T12:36:19+00:00\",\"description\":\"Photographer and graphic designer in Muenster. Business photography, portraits and experience shoots. Personal, on location, with character.\",\"breadcrumb\":{\"@id\":\"https:\\\/\\\/medianautik.com\\\/en\\\/#breadcrumb\"},\"inLanguage\":\"en-US\",\"potentialAction\":[{\"@type\":\"ReadAction\",\"target\":[\"https:\\\/\\\/medianautik.com\\\/en\\\/\"]}]},{\"@type\":\"BreadcrumbList\",\"@id\":\"https:\\\/\\\/medianautik.com\\\/en\\\/#breadcrumb\",\"itemListElement\":[{\"@type\":\"ListItem\",\"position\":1,\"name\":\"Start\",\"item\":\"https:\\\/\\\/medianautik.com\\\/en\\\/home\\\/\"},{\"@type\":\"ListItem\",\"position\":2,\"name\":\"Home\"}]},{\"@type\":\"WebSite\",\"@id\":\"https:\\\/\\\/medianautik.com\\\/en\\\/#website\",\"url\":\"https:\\\/\\\/medianautik.com\\\/en\\\/\",\"name\":\"medianautik | visuelle kommunikation\",\"description\":\"Grafikdesign und Photographie\",\"publisher\":{\"@id\":\"https:\\\/\\\/medianautik.com\\\/en\\\/#\\\/schema\\\/person\\\/86698f6865b5c8d07b9f80c2a3dd15cc\"},\"potentialAction\":[{\"@type\":\"SearchAction\",\"target\":{\"@type\":\"EntryPoint\",\"urlTemplate\":\"https:\\\/\\\/medianautik.com\\\/en\\\/?s={search_term_string}\"},\"query-input\":{\"@type\":\"PropertyValueSpecification\",\"valueRequired\":true,\"valueName\":\"search_term_string\"}}],\"inLanguage\":\"en-US\"},{\"@type\":[\"Person\",\"Organization\"],\"@id\":\"https:\\\/\\\/medianautik.com\\\/en\\\/#\\\/schema\\\/person\\\/86698f6865b5c8d07b9f80c2a3dd15cc\",\"name\":\"Michael\",\"image\":{\"@type\":\"ImageObject\",\"inLanguage\":\"en-US\",\"@id\":\"https:\\\/\\\/medianautik.com\\\/wp-content\\\/uploads\\\/2026\\\/04\\\/mvdf_toronto.png\",\"url\":\"https:\\\/\\\/medianautik.com\\\/wp-content\\\/uploads\\\/2026\\\/04\\\/mvdf_toronto.png\",\"contentUrl\":\"https:\\\/\\\/medianautik.com\\\/wp-content\\\/uploads\\\/2026\\\/04\\\/mvdf_toronto.png\",\"width\":600,\"height\":600,\"caption\":\"Michael\"},\"logo\":{\"@id\":\"https:\\\/\\\/medianautik.com\\\/wp-content\\\/uploads\\\/2026\\\/04\\\/mvdf_toronto.png\"},\"sameAs\":[\"https:\\\/\\\/medianautik.com\",\"https:\\\/\\\/www.instagram.com\\\/medianautik\\\/\",\"https:\\\/\\\/de.linkedin.com\\\/in\\\/vonderforst\"]}]}<\/script>\n<!-- \/ Yoast SEO plugin. -->","yoast_head_json":{"title":"Photographer and graphic designer Muenster","description":"Photographer and graphic designer in Muenster. Business photography, portraits and experience shoots. Personal, on location, with character.","robots":{"index":"index","follow":"follow","max-snippet":"max-snippet:-1","max-image-preview":"max-image-preview:large","max-video-preview":"max-video-preview:-1"},"canonical":"https:\/\/medianautik.com\/en\/","og_locale":"en_US","og_type":"article","og_title":"Photographer and graphic designer Muenster","og_description":"Photographer and graphic designer in Muenster. Business photography, portraits and experience shoots. Personal, on location, with character.","og_url":"https:\/\/medianautik.com\/en\/","og_site_name":"medianautik | visuelle kommunikation","article_modified_time":"2026-05-03T12:36:19+00:00","twitter_card":"summary_large_image","schema":{"@context":"https:\/\/schema.org","@graph":[{"@type":"WebPage","@id":"https:\/\/medianautik.com\/en\/","url":"https:\/\/medianautik.com\/en\/","name":"Photographer and graphic designer Muenster","isPartOf":{"@id":"https:\/\/medianautik.com\/en\/#website"},"datePublished":"2025-12-31T23:00:52+00:00","dateModified":"2026-05-03T12:36:19+00:00","description":"Photographer and graphic designer in Muenster. Business photography, portraits and experience shoots. Personal, on location, with character.","breadcrumb":{"@id":"https:\/\/medianautik.com\/en\/#breadcrumb"},"inLanguage":"en-US","potentialAction":[{"@type":"ReadAction","target":["https:\/\/medianautik.com\/en\/"]}]},{"@type":"BreadcrumbList","@id":"https:\/\/medianautik.com\/en\/#breadcrumb","itemListElement":[{"@type":"ListItem","position":1,"name":"Start","item":"https:\/\/medianautik.com\/en\/home\/"},{"@type":"ListItem","position":2,"name":"Home"}]},{"@type":"WebSite","@id":"https:\/\/medianautik.com\/en\/#website","url":"https:\/\/medianautik.com\/en\/","name":"medianautik | visuelle kommunikation","description":"Grafikdesign und Photographie","publisher":{"@id":"https:\/\/medianautik.com\/en\/#\/schema\/person\/86698f6865b5c8d07b9f80c2a3dd15cc"},"potentialAction":[{"@type":"SearchAction","target":{"@type":"EntryPoint","urlTemplate":"https:\/\/medianautik.com\/en\/?s={search_term_string}"},"query-input":{"@type":"PropertyValueSpecification","valueRequired":true,"valueName":"search_term_string"}}],"inLanguage":"en-US"},{"@type":["Person","Organization"],"@id":"https:\/\/medianautik.com\/en\/#\/schema\/person\/86698f6865b5c8d07b9f80c2a3dd15cc","name":"Michael","image":{"@type":"ImageObject","inLanguage":"en-US","@id":"https:\/\/medianautik.com\/wp-content\/uploads\/2026\/04\/mvdf_toronto.png","url":"https:\/\/medianautik.com\/wp-content\/uploads\/2026\/04\/mvdf_toronto.png","contentUrl":"https:\/\/medianautik.com\/wp-content\/uploads\/2026\/04\/mvdf_toronto.png","width":600,"height":600,"caption":"Michael"},"logo":{"@id":"https:\/\/medianautik.com\/wp-content\/uploads\/2026\/04\/mvdf_toronto.png"},"sameAs":["https:\/\/medianautik.com","https:\/\/www.instagram.com\/medianautik\/","https:\/\/de.linkedin.com\/in\/vonderforst"]}]}},"_links":{"self":[{"href":"https:\/\/medianautik.com\/en\/wp-json\/wp\/v2\/pages\/1867","targetHints":{"allow":["GET"]}}],"collection":[{"href":"https:\/\/medianautik.com\/en\/wp-json\/wp\/v2\/pages"}],"about":[{"href":"https:\/\/medianautik.com\/en\/wp-json\/wp\/v2\/types\/page"}],"author":[{"embeddable":true,"href":"https:\/\/medianautik.com\/en\/wp-json\/wp\/v2\/users\/1"}],"replies":[{"embeddable":true,"href":"https:\/\/medianautik.com\/en\/wp-json\/wp\/v2\/comments?post=1867"}],"version-history":[{"count":1,"href":"https:\/\/medianautik.com\/en\/wp-json\/wp\/v2\/pages\/1867\/revisions"}],"predecessor-version":[{"id":1868,"href":"https:\/\/medianautik.com\/en\/wp-json\/wp\/v2\/pages\/1867\/revisions\/1868"}],"wp:attachment":[{"href":"https:\/\/medianautik.com\/en\/wp-json\/wp\/v2\/media?parent=1867"}],"curies":[{"name":"wp","href":"https:\/\/api.w.org\/{rel}","templated":true}]}}